{"id":11071,"date":"2025-12-16T15:20:50","date_gmt":"2025-12-16T15:20:50","guid":{"rendered":"https:\/\/stolpersteinecz.cz\/?page_id=11071"},"modified":"2026-01-29T18:00:40","modified_gmt":"2026-01-29T18:00:40","slug":"stolperstaine-home-en","status":"publish","type":"page","link":"https:\/\/stolpersteinecz.cz\/en\/stolperstaine-home-en\/","title":{"rendered":"Stolperstaine Home EN"},"content":{"rendered":"\t\t<div data-elementor-type=\"wp-page\" data-elementor-id=\"11071\" class=\"elementor elementor-11071\">\n\t\t\t\t\t\t<section class=\"elementor-section elementor-top-section elementor-element elementor-element-4ae8dcda elementor-section-full_width elementor-section-height-default elementor-section-height-default\" data-id=\"4ae8dcda\" data-element_type=\"section\" data-settings=\"{&quot;background_background&quot;:&quot;classic&quot;}\">\n\t\t\t\t\t\t\t<div class=\"elementor-background-overlay\"><\/div>\n\t\t\t\t\t\t\t<div class=\"elementor-container elementor-column-gap-no\">\n\t\t\t\t\t<div class=\"elementor-column elementor-col-50 elementor-top-column elementor-element elementor-element-39e65b4d animated-slow\" data-id=\"39e65b4d\" data-element_type=\"column\" data-settings=\"{&quot;animation&quot;:&quot;none&quot;,&quot;animation_tablet&quot;:&quot;none&quot;,&quot;animation_delay&quot;:100}\">\n\t\t\t<div class=\"elementor-widget-wrap elementor-element-populated\">\n\t\t\t\t\t\t<div class=\"elementor-element elementor-element-2b8a2a83 elementor-widget elementor-widget-retirio_elementor_heading\" data-id=\"2b8a2a83\" data-element_type=\"widget\" data-widget_type=\"retirio_elementor_heading.default\">\n\t\t\t\t<div class=\"elementor-widget-container\">\n\t\t\t\t\t\n\t\t<div class=\"ova-title\">\n\n\t\t\t\n\t\t\t\t\t\t\t\t\t\t\t\t\t\t<h2 class=\"title\">\n\t\t\t\t\t\t\t\tStolpersteine <span class=\"underline\">Prague<\/span>\t\t\t\t\t\t\t<\/h2>\n\t\t\t\t\t\t\t\n\t\t\t\n\t\t<\/div> \n\t\t\t\t\t\t<\/div>\n\t\t\t\t<\/div>\n\t\t<div class=\"elementor-element elementor-element-54ba425 e-flex e-con-boxed e-con e-parent\" data-id=\"54ba425\" data-element_type=\"container\" data-settings=\"{&quot;background_background&quot;:&quot;classic&quot;}\">\n\t\t\t\t\t<div class=\"e-con-inner\">\n\t\t\t\t<div class=\"elementor-element elementor-element-6b0617d elementor-widget elementor-widget-text-editor\" data-id=\"6b0617d\" data-element_type=\"widget\" data-widget_type=\"text-editor.default\">\n\t\t\t\t\t\t\t\t\t<p>The artist Gunter Demnig remembers the victims of National Socialism by installing commemorative 10\u00d710 cm brass plaques in the pavement in front of their last address of choice. The first Stolpertseine was laid in December 16th 1992 in front of the townhall in Cologne. There are now more than 80\u00a0000 Stolpersteine (lit. \u201cstumbling stones or blocks\u201d) in many European countries.<\/p>\t\t\t\t\t\t\t\t<\/div>\n\t\t\t\t<div class=\"elementor-element elementor-element-ead59da elementor-widget elementor-widget-n-accordion\" data-id=\"ead59da\" data-element_type=\"widget\" data-settings=\"{&quot;default_state&quot;:&quot;all_collapsed&quot;,&quot;max_items_expended&quot;:&quot;multiple&quot;,&quot;n_accordion_animation_duration&quot;:{&quot;unit&quot;:&quot;ms&quot;,&quot;size&quot;:400,&quot;sizes&quot;:[]}}\" data-widget_type=\"nested-accordion.default\">\n\t\t\t\t\t\t\t<div class=\"e-n-accordion\" aria-label=\"Accordion. Open links with Enter or Space, close with Escape, and navigate with Arrow Keys\">\n\t\t\t\t\t\t<details id=\"e-n-accordion-item-2460\" class=\"e-n-accordion-item\" >\n\t\t\t\t<summary class=\"e-n-accordion-item-title\" data-accordion-index=\"1\" tabindex=\"0\" aria-expanded=\"false\" aria-controls=\"e-n-accordion-item-2460\" >\n\t\t\t\t\t<span class='e-n-accordion-item-title-header'><div class=\"e-n-accordion-item-title-text\"> More about the project <\/div><\/span>\n\t\t\t\t\t\t\t<span class='e-n-accordion-item-title-icon'>\n\t\t\t<span class='e-opened' ><svg aria-hidden=\"true\" class=\"e-font-icon-svg e-fas-minus\" viewBox=\"0 0 448 512\" xmlns=\"http:\/\/www.w3.org\/2000\/svg\"><path d=\"M416 208H32c-17.67 0-32 14.33-32 32v32c0 17.67 14.33 32 32 32h384c17.67 0 32-14.33 32-32v-32c0-17.67-14.33-32-32-32z\"><\/path><\/svg><\/span>\n\t\t\t<span class='e-closed'><svg aria-hidden=\"true\" class=\"e-font-icon-svg e-fas-plus\" viewBox=\"0 0 448 512\" xmlns=\"http:\/\/www.w3.org\/2000\/svg\"><path d=\"M416 208H272V64c0-17.67-14.33-32-32-32h-32c-17.67 0-32 14.33-32 32v144H32c-17.67 0-32 14.33-32 32v32c0 17.67 14.33 32 32 32h144v144c0 17.67 14.33 32 32 32h32c17.67 0 32-14.33 32-32V304h144c17.67 0 32-14.33 32-32v-32c0-17.67-14.33-32-32-32z\"><\/path><\/svg><\/span>\n\t\t<\/span>\n\n\t\t\t\t\t\t<\/summary>\n\t\t\t\t<div role=\"region\" aria-labelledby=\"e-n-accordion-item-2460\" class=\"elementor-element elementor-element-432c0b8 e-con-full e-flex e-con e-child\" data-id=\"432c0b8\" data-element_type=\"container\">\n\t\t\t\t<div class=\"elementor-element elementor-element-743aa5b elementor-widget elementor-widget-html\" data-id=\"743aa5b\" data-element_type=\"widget\" data-widget_type=\"html.default\">\n\t\t\t\t\tGunter Demnig cites the Talmud saying that \u201ca person is only forgotten when his or her name is forgotten\u201d. The Stolpersteine in front of the buildings bring back to memory the people who once lived here. The project commemorates all victims of National Socialism, anyone who was persecuted or murdered by the Nazi regime between 1933 and 1945. The project also commemorates those who were forced by the circumstances to commit suicide. Stolpersteine can also be placed for people who were able to escape or for example the survivors of concentration camps.\r\n<br><br>\r\nStolpersteine were first introduced to the Czech Republic on the initiative of the Jewish Youth Union in 2008. The project was then revived after two years of inactivity in 2018 by Franti\u0161ek Banyai, the Head of the Jewish Community in Prague. Since then the implementation of the Stolpersteine project in Prague is organized and supported by the Publicly Beneficial Association Supporting Persons Affected By Holocaust\u00a0<a href=\"http:\/\/www.spolek.org\/\" target=\"_blank\" rel=\"noopener\">www.spolek.org\u00a0<\/a>. Today, Franti\u0161ek B\u00e1nyai and Herm\u00edna Neuner continue to oversee the project\u2019s extensive agenda. We are always pleased if you choose to support the Association or the Stolpersteine project with a financial donation. We are kindly supported by the Foundation For Holocaust Victims, City of Prague and\u00a0<strong>Prague 2 District<\/strong>.\r\n<br><br>\r\nIf possible, we install about hundred new Stolpersteine in Prague every year. \u00a0Stolpersteine are always placed in front of the last residence of choice \u2013 never in front of places that people were forced to move to. At the same time we make sure that there are no losses during the reconstruction of the sidewalks. Trevor Sage, British expat residing in Prague, helps significantly with mapping and cleaning the stones.\u00a0 Trevor Sage devoted his free time to map and clean Prague\u00b4s Stolpersteine. He is originally from London, but before coming to the Czech Republic he lived on the south coast of England and came to Prague for work. \u201cWhen I decided to take early retirement, I fell in love with Prague and moved here.\u201d He has published a book that combines photographs of the first nearly five hundred of Prague\u2019s Stolpersteine with portrait photographs of the victims, information about their transports, and the moving life stories of several victims, often written directly by their relatives who kindly contributed to the book.\u00a0In other Czech towns, including Liberec, Olomouc, \u010cesk\u00e9 Bud\u011bjovice and P\u00edsek, other organizations are committed to the Stolpersteine project. Each first Stolpersteine in town must be arranged directly with the STIFTUNG \u2013 SPUREN \u2013 Gunter Demnig foundation (contact person is Anne Thomas at\u00a0<a href=\"mailto:international@stolpersteine.eu\">international@stolpersteine.eu<\/a>).\r\n<br><br>\r\nWe are also interested in documenting the Jewish memory on the 20th century, helping to collect the individual family stories and photographs from the family archives. We cooperate on this with Terezin Initiative Institute and the oral history collection of Jewish Museum in Prague.e.<br><br>\r\n<div class=\"accordion-close-wrap\"><\/div>\r\n\r\n\r\n<button class=\"accordion-close\" type=\"button\">\r\n  Close\r\n<\/button>\t\t\t\t<\/div>\n\t\t\t\t<\/div>\n\t\t\t\t\t<\/details>\n\t\t\t\t\t<\/div>\n\t\t\t\t\t\t<\/div>\n\t\t\t\t\t<\/div>\n\t\t\t\t<\/div>\n\t\t\t\t<div class=\"elementor-element elementor-element-20188501 elementor-widget elementor-widget-retirio_elementor_heading\" data-id=\"20188501\" data-element_type=\"widget\" data-widget_type=\"retirio_elementor_heading.default\">\n\t\t\t\t<div class=\"elementor-widget-container\">\n\t\t\t\t\t\n\t\t<div class=\"ova-title\">\n\n\t\t\t\t\t\t\t<h3 class=\"sub-title\">SEARCH STONES<\/h3>\n\t\t\t\n\t\t\t\t\t\t\t\t\t\t\t\n\t\t\t\t\t\t\n\t\t\t\t\t<h2 class=\"title\">\n\t\t\t\t\t\t<!-- show line -->\n\t\t\t\t\t\t\t\t\t\t\t\t\t<a href=\"https:\/\/stolpersteinecz.cz\/en\/mapa\/\">\n\t\t\t\t\t\t\t\t\nMap of Stolpersteine in Prague and the Czech <span class=\"underline\">Republic<\/span>\t\t\t\t\t\t\t<\/a>\n\t\t\t\t\t\t\n\t\t\t\t\t<\/h2>\n\t\t\t\t\t\t\t\n\t\t\t\n\t\t<\/div> \n\t\t\t\t\t\t<\/div>\n\t\t\t\t<\/div>\n\t\t\t\t<div class=\"elementor-element elementor-element-1869ce2a elementor-widget elementor-widget-retirio_elementor_heading\" data-id=\"1869ce2a\" data-element_type=\"widget\" data-widget_type=\"retirio_elementor_heading.default\">\n\t\t\t\t<div class=\"elementor-widget-container\">\n\t\t\t\t\t\n\t\t<div class=\"ova-title\">\n\n\t\t\t\t\t\t\t<h3 class=\"sub-title\">Join a community event and honor the previous residents of your city.<\/h3>\n\t\t\t\n\t\t\t\t\t\t\t\t\t\t\t\t\t\t<h2 class=\"title\">\n\t\t\t\t\t\t\t\tClean Stolperstein!\t\t\t\t\t\t\t<\/h2>\n\t\t\t\t\t\t\t\n\t\t\t\t\t\t\t<p class=\"description\"> Send photos of you cleaning Stolpersteine to info@stolpersteinecz.cz\n or post them on Instagram with the hashtag #cistimeStolpersteine <\/p>\n\t\t\t\n\t\t<\/div> \n\t\t\t\t\t\t<\/div>\n\t\t\t\t<\/div>\n\t\t<a class=\"eael-wrapper-link-28ae5a5a --eael-wrapper-link-tag\" href=\"https:\/\/stolpersteinecz.cz\/en\/podporili-nas-2\/\"><\/a><div data-eael-wrapper-link=\"eael-wrapper-link-28ae5a5a\" class=\"elementor-element elementor-element-28ae5a5a e-flex e-con-boxed e-con e-parent\" data-id=\"28ae5a5a\" data-element_type=\"container\" data-settings=\"{&quot;background_background&quot;:&quot;classic&quot;}\">\n\t\t\t\t\t<div class=\"e-con-inner\">\n\t\t\t\t<div class=\"elementor-element elementor-element-16ff025d elementor-widget elementor-widget-retirio_elementor_heading\" data-id=\"16ff025d\" data-element_type=\"widget\" data-widget_type=\"retirio_elementor_heading.default\">\n\t\t\t\t<div class=\"elementor-widget-container\">\n\t\t\t\t\t\n\t\t<div class=\"ova-title\">\n\n\t\t\t\n\t\t\t\t\t\t\t\t\t\t\t\t\t\t<h4 class=\"title\">\n\t\t\t\t\t\t\t\tSupported <span class=\"underline\">us<\/span>\t\t\t\t\t\t\t<\/h4>\n\t\t\t\t\t\t\t\n\t\t\t\n\t\t<\/div> \n\t\t\t\t\t\t<\/div>\n\t\t\t\t<\/div>\n\t\t\t\t<div class=\"elementor-element elementor-element-5ea91037 elementor-widget elementor-widget-text-editor\" data-id=\"5ea91037\" data-element_type=\"widget\" data-widget_type=\"text-editor.default\">\n\t\t\t\t\t\t\t\t\t<img decoding=\"async\" class=\"alignleft wp-image-4865\" src=\"https:\/\/stolpersteinecz.cz\/wp-content\/uploads\/2018\/12\/PRAHA.png\" alt=\"\" width=\"100\" height=\"100\" \/> <img decoding=\"async\" class=\"alignnone wp-image-4866\" src=\"https:\/\/stolpersteinecz.cz\/wp-content\/uploads\/2018\/12\/Trevor-Sage.jpg\" alt=\"\" width=\"86\" height=\"124\" \/> <img decoding=\"async\" class=\"alignleft wp-image-4867\" src=\"https:\/\/www.kehilaprag.cz\/images\/62-fzo-logo-200-500x350.png\" alt=\"\" width=\"102\" height=\"102\" \/> <img loading=\"lazy\" decoding=\"async\" class=\"alignleft wp-image-4869\" src=\"https:\/\/stolpersteinecz.cz\/wp-content\/uploads\/2018\/11\/download.png\" alt=\"\" width=\"184\" height=\"93\" \/> <img loading=\"lazy\" decoding=\"async\" class=\"alignleft wp-image-4870\" src=\"https:\/\/stolpersteinecz.cz\/wp-content\/uploads\/2018\/11\/downloadd.png\" alt=\"\" width=\"100\" height=\"100\" \/> <img loading=\"lazy\" decoding=\"async\" class=\"wp-image-4864 alignleft\" src=\"https:\/\/stolpersteinecz.cz\/wp-content\/uploads\/2018\/11\/NFOH_logo_CZE_RGB_pozitiv1-300x107.jpg\" alt=\"\" width=\"198\" height=\"71\" \/><img loading=\"lazy\" decoding=\"async\" class=\"alignleft wp-image-4872\" src=\"https:\/\/stolpersteinecz.cz\/wp-content\/uploads\/2025\/08\/Logo-urad-vlady-2-scaled.jpg\" alt=\"\" width=\"200\" height=\"59\" \/><img loading=\"lazy\" decoding=\"async\" class=\" wp-image-4871 alignleft\" src=\"https:\/\/stolpersteinecz.cz\/wp-content\/uploads\/2018\/12\/logo-Praha-2.jpg\" alt=\"\" width=\"196\" height=\"55\" \/>\t\t\t\t\t\t\t\t<\/div>\n\t\t\t\t\t<\/div>\n\t\t\t\t<\/div>\n\t\t\t\t\t<\/div>\n\t\t<\/div>\n\t\t\t\t<div class=\"elementor-column elementor-col-50 elementor-top-column elementor-element elementor-element-500b28d7\" data-id=\"500b28d7\" data-element_type=\"column\">\n\t\t\t<div class=\"elementor-widget-wrap elementor-element-populated\">\n\t\t\t\t\t\t<div class=\"elementor-element elementor-element-2055a966 elementor-grid-eael-col-1 elementor-widget__width-initial elementor-grid-tablet-eael-col-2 elementor-grid-mobile-eael-col-1 elementor-widget elementor-widget-eael-post-grid\" data-id=\"2055a966\" data-element_type=\"widget\" data-settings=\"{&quot;eael_post_grid_columns&quot;:&quot;eael-col-1&quot;,&quot;eael_post_grid_columns_tablet&quot;:&quot;eael-col-2&quot;,&quot;eael_post_grid_columns_mobile&quot;:&quot;eael-col-1&quot;}\" data-widget_type=\"eael-post-grid.default\">\n\t\t\t\t\t<div id=\"eael-post-grid-2055a966\" class=\"eael-post-grid-container\">\n            <div class=\"eael-post-grid eael-post-appender eael-post-appender-2055a966 eael-post-grid-style-one\" data-layout-mode=\"masonry\"><article class=\"eael-grid-post eael-post-grid-column\" data-id=\"11313\">\n        <div class=\"eael-grid-post-holder\">\n            <div class=\"eael-grid-post-holder-inner\"><div class=\"eael-entry-media\"><div class=\"eael-entry-overlay fade-in\"><i class=\"fas fa-long-arrow-alt-right\" aria-hidden=\"true\"><\/i><a href=\"https:\/\/stolpersteinecz.cz\/en\/11313-2\/\"><\/a><\/div><div class=\"eael-entry-thumbnail \">\n                <img loading=\"lazy\" decoding=\"async\" width=\"768\" height=\"576\" src=\"https:\/\/stolpersteinecz.cz\/wp-content\/uploads\/2026\/01\/Foto-kameny-v-krabici-768x576.jpg\" class=\"attachment-medium_large size-medium_large wp-image-11319\" alt=\"\" srcset=\"https:\/\/stolpersteinecz.cz\/wp-content\/uploads\/2026\/01\/Foto-kameny-v-krabici-768x576.jpg 768w, https:\/\/stolpersteinecz.cz\/wp-content\/uploads\/2026\/01\/Foto-kameny-v-krabici-300x225.jpg 300w, https:\/\/stolpersteinecz.cz\/wp-content\/uploads\/2026\/01\/Foto-kameny-v-krabici-1024x768.jpg 1024w, https:\/\/stolpersteinecz.cz\/wp-content\/uploads\/2026\/01\/Foto-kameny-v-krabici-1536x1152.jpg 1536w, https:\/\/stolpersteinecz.cz\/wp-content\/uploads\/2026\/01\/Foto-kameny-v-krabici-2048x1536.jpg 2048w\" sizes=\"(max-width: 768px) 100vw, 768px\" \/>\n            <\/div>\n        <\/div><div class=\"eael-entry-wrapper\"><header class=\"eael-entry-header\"><h2 class=\"eael-entry-title\"><a class=\"eael-grid-post-link\" href=\"https:\/\/stolpersteinecz.cz\/en\/11313-2\/\" title=\"New Stolpersteine in 2026\">New Stolpersteine in 2026<\/a><\/h2><\/header><div class=\"eael-entry-content\">\n                        <div class=\"eael-grid-post-excerpt\"><p>Dal\u0161\u00ed pokl\u00e1d\u00e1n\u00ed Stolpersteine pl\u00e1nujeme 16. a\u017e 17 \u010dervna a 13. a\u017e 14. \u0159\u00edjna 2026. V Praze v roce 2026 p\u0159ibude p\u0159ibli\u017en\u011b 100 nov\u00fdch Stolpersteine. How we laid Stolpersteine in 2024...<\/p><\/div>\n                    <\/div><\/div><\/div>\n        <\/div>\n    <\/article><article class=\"eael-grid-post eael-post-grid-column\" data-id=\"11231\">\n        <div class=\"eael-grid-post-holder\">\n            <div class=\"eael-grid-post-holder-inner\"><div class=\"eael-entry-media\"><div class=\"eael-entry-overlay fade-in\"><i class=\"fas fa-long-arrow-alt-right\" aria-hidden=\"true\"><\/i><a href=\"https:\/\/stolpersteinecz.cz\/en\/specialni-vychazky\/\"><\/a><\/div><div class=\"eael-entry-thumbnail \">\n                <img loading=\"lazy\" decoding=\"async\" width=\"768\" height=\"512\" src=\"https:\/\/stolpersteinecz.cz\/wp-content\/uploads\/2025\/07\/Humpolec12-768x512.jpg\" class=\"attachment-medium_large size-medium_large wp-image-10504\" alt=\"\" srcset=\"https:\/\/stolpersteinecz.cz\/wp-content\/uploads\/2025\/07\/Humpolec12-768x512.jpg 768w, https:\/\/stolpersteinecz.cz\/wp-content\/uploads\/2025\/07\/Humpolec12-300x200.jpg 300w, https:\/\/stolpersteinecz.cz\/wp-content\/uploads\/2025\/07\/Humpolec12-1024x683.jpg 1024w, https:\/\/stolpersteinecz.cz\/wp-content\/uploads\/2025\/07\/Humpolec12-150x100.jpg 150w, https:\/\/stolpersteinecz.cz\/wp-content\/uploads\/2025\/07\/Humpolec12-200x133.jpg 200w, https:\/\/stolpersteinecz.cz\/wp-content\/uploads\/2025\/07\/Humpolec12-250x166.jpg 250w, https:\/\/stolpersteinecz.cz\/wp-content\/uploads\/2025\/07\/Humpolec12-1536x1025.jpg 1536w, https:\/\/stolpersteinecz.cz\/wp-content\/uploads\/2025\/07\/Humpolec12.jpg 1751w\" sizes=\"(max-width: 768px) 100vw, 768px\" \/>\n            <\/div>\n        <\/div><div class=\"eael-entry-wrapper\"><header class=\"eael-entry-header\"><h2 class=\"eael-entry-title\"><a class=\"eael-grid-post-link\" href=\"https:\/\/stolpersteinecz.cz\/en\/specialni-vychazky\/\" title=\"Special guided walks\">Special guided walks<\/a><\/h2><\/header><div class=\"eael-entry-content\">\n                        <div class=\"eael-grid-post-excerpt\"><p>We offer special guided walks along the Stolpersteine that have been laid. During the walk, we will introduce you to the fates of the victims in the context of tragic...<\/p><\/div>\n                    <\/div><\/div><\/div>\n        <\/div>\n    <\/article><article class=\"eael-grid-post eael-post-grid-column\" data-id=\"11054\">\n        <div class=\"eael-grid-post-holder\">\n            <div class=\"eael-grid-post-holder-inner\"><div class=\"eael-entry-media\"><div class=\"eael-entry-overlay fade-in\"><i class=\"fas fa-long-arrow-alt-right\" aria-hidden=\"true\"><\/i><a href=\"https:\/\/stolpersteinecz.cz\/en\/51-novych-stolpersteine\/\"><\/a><\/div><div class=\"eael-entry-thumbnail \">\n                <img loading=\"lazy\" decoding=\"async\" width=\"768\" height=\"475\" src=\"https:\/\/stolpersteinecz.cz\/wp-content\/uploads\/2018\/11\/Kraft-Rudol-Olga-scaled-e1760598749961-768x475.jpg\" class=\"attachment-medium_large size-medium_large wp-image-10903\" alt=\"\" srcset=\"https:\/\/stolpersteinecz.cz\/wp-content\/uploads\/2018\/11\/Kraft-Rudol-Olga-scaled-e1760598749961-768x475.jpg 768w, https:\/\/stolpersteinecz.cz\/wp-content\/uploads\/2018\/11\/Kraft-Rudol-Olga-scaled-e1760598749961-300x185.jpg 300w, https:\/\/stolpersteinecz.cz\/wp-content\/uploads\/2018\/11\/Kraft-Rudol-Olga-scaled-e1760598749961-1024x633.jpg 1024w, https:\/\/stolpersteinecz.cz\/wp-content\/uploads\/2018\/11\/Kraft-Rudol-Olga-scaled-e1760598749961-1536x949.jpg 1536w, https:\/\/stolpersteinecz.cz\/wp-content\/uploads\/2018\/11\/Kraft-Rudol-Olga-scaled-e1760598749961-2048x1266.jpg 2048w\" sizes=\"(max-width: 768px) 100vw, 768px\" \/>\n            <\/div>\n        <\/div><div class=\"eael-entry-wrapper\"><header class=\"eael-entry-header\"><h2 class=\"eael-entry-title\"><a class=\"eael-grid-post-link\" href=\"https:\/\/stolpersteinecz.cz\/en\/51-novych-stolpersteine\/\" title=\"51 new Stolpersteine\">51 new Stolpersteine<\/a><\/h2><\/header><div class=\"eael-entry-content\">\n                        <div class=\"eael-grid-post-excerpt\"><p>On September 16 and 17, 2025, we laid 51 new Stolpersteine in Prague. We are planning more Stolpersteine in June and September 2026. More information at\u00a0info@stolpersteinecz.cz &nbsp; Join us in...<\/p><\/div>\n                    <\/div><\/div><\/div>\n        <\/div>\n    <\/article><article class=\"eael-grid-post eael-post-grid-column\" data-id=\"11056\">\n        <div class=\"eael-grid-post-holder\">\n            <div class=\"eael-grid-post-holder-inner\"><div class=\"eael-entry-media\"><div class=\"eael-entry-overlay fade-in\"><i class=\"fas fa-long-arrow-alt-right\" aria-hidden=\"true\"><\/i><a href=\"https:\/\/stolpersteinecz.cz\/en\/doslo-do-schranky\/\"><\/a><\/div><div class=\"eael-entry-thumbnail \">\n                <img loading=\"lazy\" decoding=\"async\" width=\"768\" height=\"576\" src=\"https:\/\/stolpersteinecz.cz\/wp-content\/uploads\/2025\/07\/Vycistene-kameny-Krasovych-e1753168175226-768x576.jpg\" class=\"attachment-medium_large size-medium_large wp-image-10678\" alt=\"\" srcset=\"https:\/\/stolpersteinecz.cz\/wp-content\/uploads\/2025\/07\/Vycistene-kameny-Krasovych-e1753168175226-768x576.jpg 768w, https:\/\/stolpersteinecz.cz\/wp-content\/uploads\/2025\/07\/Vycistene-kameny-Krasovych-e1753168175226-300x225.jpg 300w, https:\/\/stolpersteinecz.cz\/wp-content\/uploads\/2025\/07\/Vycistene-kameny-Krasovych-e1753168175226.jpg 1000w\" sizes=\"(max-width: 768px) 100vw, 768px\" \/>\n            <\/div>\n        <\/div><div class=\"eael-entry-wrapper\"><header class=\"eael-entry-header\"><h2 class=\"eael-entry-title\"><a class=\"eael-grid-post-link\" href=\"https:\/\/stolpersteinecz.cz\/en\/doslo-do-schranky\/\" title=\"Arrived in the inbox\">Arrived in the inbox<\/a><\/h2><\/header><div class=\"eael-entry-content\">\n                        <div class=\"eael-grid-post-excerpt\"><p>I walk through the center of Prague on foot several times a week and see many Stolpersteine. They are usually clean or you can tell they are being maintained. Only...<\/p><\/div>\n                    <\/div><\/div><\/div>\n        <\/div>\n    <\/article><\/div>\n            <div class=\"clearfix\"><\/div>\n        <\/div>            <div class=\"eael-load-more-button-wrap eael-force-hide\">\n                <button class=\"eael-load-more-button\" id=\"eael-load-more-btn-2055a966\" data-widget-id=\"2055a966\" data-widget=\"2055a966\" data-page-id=\"11071\" data-template=\"{&quot;dir&quot;:&quot;lite&quot;,&quot;file_name&quot;:&quot;one.php&quot;,&quot;name&quot;:&quot;Post-Grid&quot;}\" data-class=\"Essential_Addons_Elementor\\Elements\\Post_Grid\" data-layout=\"masonry\" data-page=\"1\" data-args=\"orderby=date&amp;order=desc&amp;ignore_sticky_posts=1&amp;post_status=publish&amp;posts_per_page=4&amp;offset=0&amp;post_type=post&amp;tax_query%5B0%5D%5Btaxonomy%5D=category&amp;tax_query%5B0%5D%5Bfield%5D=term_id&amp;tax_query%5B0%5D%5Bterms%5D%5B0%5D=58&amp;tax_query%5Brelation%5D=AND\" data-max-page=\"2\">\n                    <span class=\"eael-btn-loader button__loader\"><\/span>\n                    <span class=\"eael_load_more_text\">Load More<\/span>\n                <\/button>\n            <\/div>\n            \t\t\t\t<\/div>\n\t\t\t\t<div class=\"elementor-element elementor-element-2d290a3 elementor-widget__width-initial elementor-widget elementor-widget-retirio_elementor_heading\" data-id=\"2d290a3\" data-element_type=\"widget\" data-widget_type=\"retirio_elementor_heading.default\">\n\t\t\t\t<div class=\"elementor-widget-container\">\n\t\t\t\t\t\n\t\t<div class=\"ova-title\">\n\n\t\t\t\n\t\t\t\t\t\t\t\t\t\t\t\n\t\t\t\t\t\t\n\t\t\t\t\t<h2 class=\"title\">\n\t\t\t\t\t\t<!-- show line -->\n\t\t\t\t\t\t\t\t\t\t\t\t\t<a href=\"\/category\/novinky\/\">\n\t\t\t\t\t\t\t\tNEWS <span class=\"underline\">ARCHIVE<\/span>\t\t\t\t\t\t\t<\/a>\n\t\t\t\t\t\t\n\t\t\t\t\t<\/h2>\n\t\t\t\t\t\t\t\n\t\t\t\n\t\t<\/div> \n\t\t\t\t\t\t<\/div>\n\t\t\t\t<\/div>\n\t\t\t\t\t<\/div>\n\t\t<\/div>\n\t\t\t\t\t<\/div>\n\t\t<\/section>\n\t\t\t\t<\/div>\n\t\t","protected":false},"excerpt":{"rendered":"<p>Stolpersteine Prague The artist Gunter Demnig remembers the victims of National Socialism by installing commemorative 10\u00d710 cm brass plaques in the pavement in front of their last address of choice. The first Stolpertseine was laid in December 16th 1992 in front of the townhall in Cologne. There are now more than 80\u00a0000 Stolpersteine (lit. \u201cstumbling [&hellip;]<\/p>\n","protected":false},"author":6,"featured_media":0,"parent":0,"menu_order":0,"comment_status":"closed","ping_status":"closed","template":"elementor_header_footer","meta":{"footnotes":""},"class_list":["post-11071","page","type-page","status-publish","hentry"],"_links":{"self":[{"href":"https:\/\/stolpersteinecz.cz\/en\/wp-json\/wp\/v2\/pages\/11071","targetHints":{"allow":["GET"]}}],"collection":[{"href":"https:\/\/stolpersteinecz.cz\/en\/wp-json\/wp\/v2\/pages"}],"about":[{"href":"https:\/\/stolpersteinecz.cz\/en\/wp-json\/wp\/v2\/types\/page"}],"author":[{"embeddable":true,"href":"https:\/\/stolpersteinecz.cz\/en\/wp-json\/wp\/v2\/users\/6"}],"replies":[{"embeddable":true,"href":"https:\/\/stolpersteinecz.cz\/en\/wp-json\/wp\/v2\/comments?post=11071"}],"version-history":[{"count":17,"href":"https:\/\/stolpersteinecz.cz\/en\/wp-json\/wp\/v2\/pages\/11071\/revisions"}],"predecessor-version":[{"id":11360,"href":"https:\/\/stolpersteinecz.cz\/en\/wp-json\/wp\/v2\/pages\/11071\/revisions\/11360"}],"wp:attachment":[{"href":"https:\/\/stolpersteinecz.cz\/en\/wp-json\/wp\/v2\/media?parent=11071"}],"curies":[{"name":"wp","href":"https:\/\/api.w.org\/{rel}","templated":true}]}}