{"id":3943,"date":"2018-09-19T16:21:04","date_gmt":"2018-09-19T16:21:04","guid":{"rendered":"https:\/\/stolpersteinecz.cz\/?page_id=3943"},"modified":"2025-07-21T09:50:06","modified_gmt":"2025-07-21T09:50:06","slug":"o-projektu","status":"publish","type":"page","link":"https:\/\/stolpersteinecz.cz\/en\/o-projektu\/","title":{"rendered":"About the project"},"content":{"rendered":"<p><strong>Next Stolpersteine we expect in June 17 and 18 and October 16 nad 17, 2025.<\/strong><\/p>\n<p>For more information please contact <a href=\"mailto:info@stolpersteinecz.cz\">info@stolpersteinecz.cz<\/a><\/p>\n<p><a href=\"https:\/\/www.youtube.com\/watch?v=VO4xv4_vgj8\" target=\"_blank\" rel=\"noopener\">How to clean Stolpersteine.\u00a0\u00a0<\/a><br \/>\n<a href=\"https:\/\/youtu.be\/lGj9ZVU0U68.\" target=\"_blank\" rel=\"noopener\">How to lay stolpersteine<\/a><\/p>\n<p>On October 10 we laid 10 new Stolpersteine Stolpersteine. The total numer Stolpersteine in Prague is 759.<br \/>\nOn September 25 a and 26 we laid 49 new Stolpersteine Stolpersteine.<br \/>\nThe total numer Stolpersteine in Prague is 749.<br \/>\nOn June 18 and 19, 2024, we laid 51 new Stolpersteine. The total number of Stolpersteine in Prague is now over 700. <a href=\"https:\/\/drive.google.com\/drive\/u\/0\/folders\/13Ghi9qEHADaJGJHHECfxH3L0JJ7sU5rv\" target=\"_blank\" rel=\"noopener\">Look how we laid Stolperstein.\u00a0<\/a><br \/>\nOn June 26 and 27, 2023, we laid 28 Stolpersteine. The total number of Stolpersteine in Prague is now about 600. We will replace some lost ones.<\/p>\n<p>The numbers of Stolpersteine in\u00a0districts of Prague:<br \/>\nPrague 1 &#8211; 187, Prague 2 &#8211; 130, Prague 3 &#8211; 51, Prague 4 &#8211; 32, Prague 5 &#8211; 12, Prague 6 &#8211; 43<br \/>\nPrague 7 &#8211; 74, Prague 8 &#8211; 34, Prague 9 &#8211; 5, Prague 10 &#8211; 26, Prague 12 &#8211; 2, \u0158eporyje &#8211; 5<\/p>\n<p>On October 31. and November 1. 2022 we laid 59 new Stolpersteine.<\/p>\n<p><strong>For Stolpersteine in <span style=\"color: #0000ff;\">JI\u010cIN<\/span><\/strong> please contact\u00a0Ba\u0161evi, o.p.s.\u00a0F\u00fcgnerova 193, 50601 Ji\u010d\u00edn,<br \/>\nTel: 724029359, e-mail: <a href=\"mailto:basevi@seznam.cz\">basevi@seznam.cz<\/a><\/p>\n<p>The number of stones\u00a0 available for individual years and cities are determined by Anne Thomas from the STIFTUNG \u2013 SPUREN \u2013 Gunter Demnig foundation. Options for ordering Stolpersteine in Prague are currently available upon early confirmation of the stone reservation with term of laying in\u00a0<strong>2027<\/strong>. All capacity for\u00a0<strong>2025\/6<\/strong>\u00a0 is exhausted due to the previous orders.\u00a0The approximate date of laying ceremony is announced about five months in advance.<\/p>\n<p>The applicant must specify the victim and the place for laying the Stolpersteine. If possible, Stolpersteine are always placed in front of the last residence of choice &#8211; never in front of places that people were forced to move to. We can help to identify the victims and the adresses of their former residence. In addition to the administration and the necessary communication we apply for the necessary permits for all required stones in a given year in Prague. We organize the logistics of laying the stones with the help of a specialized construction (paver) company. The cost of producing and delivery of one stone is 132 EUR and it is paid directly to the foundation of G. Demnig, the applicant will only receive an invoice once the Stolpersteine has been laid. In Prague the additional cost for the construction (paver) company needed for the installation is CZK 1,400 per one stone. This payment is made in the form of a donation to the\u00a0 Association before the actual laying. Thank you for supporting the Stolpersteine project\u00a0<a href=\"http:\/\/www.spolek.org\" target=\"_blank\" rel=\"noopener\">www.spolek.org<\/a>.<\/p>\n<p>To reserve\u00a0the Stolpersteine in Prague please write to\u00a0<a href=\"mailto:info@stolpersteinecz.cz\">info@stolpersteinecz.cz<\/a>.<\/p>","protected":false},"excerpt":{"rendered":"<p>Next Stolpersteine we expect in June 17 and 18 and October 16 nad 17, 2025. For more information please contact info@stolpersteinecz.cz How to clean Stolpersteine.\u00a0\u00a0 How to lay stolpersteine On October 10 we laid 10 new Stolpersteine Stolpersteine. The total numer Stolpersteine in Prague is 759. On September 25 a and 26 we laid 49 [&hellip;]<\/p>\n","protected":false},"author":1,"featured_media":0,"parent":0,"menu_order":0,"comment_status":"closed","ping_status":"closed","template":"","meta":{"footnotes":""},"class_list":["post-3943","page","type-page","status-publish","hentry"],"_links":{"self":[{"href":"https:\/\/stolpersteinecz.cz\/en\/wp-json\/wp\/v2\/pages\/3943","targetHints":{"allow":["GET"]}}],"collection":[{"href":"https:\/\/stolpersteinecz.cz\/en\/wp-json\/wp\/v2\/pages"}],"about":[{"href":"https:\/\/stolpersteinecz.cz\/en\/wp-json\/wp\/v2\/types\/page"}],"author":[{"embeddable":true,"href":"https:\/\/stolpersteinecz.cz\/en\/wp-json\/wp\/v2\/users\/1"}],"replies":[{"embeddable":true,"href":"https:\/\/stolpersteinecz.cz\/en\/wp-json\/wp\/v2\/comments?post=3943"}],"version-history":[{"count":16,"href":"https:\/\/stolpersteinecz.cz\/en\/wp-json\/wp\/v2\/pages\/3943\/revisions"}],"predecessor-version":[{"id":10675,"href":"https:\/\/stolpersteinecz.cz\/en\/wp-json\/wp\/v2\/pages\/3943\/revisions\/10675"}],"wp:attachment":[{"href":"https:\/\/stolpersteinecz.cz\/en\/wp-json\/wp\/v2\/media?parent=3943"}],"curies":[{"name":"wp","href":"https:\/\/api.w.org\/{rel}","templated":true}]}}