{"id":4920,"date":"2018-11-02T11:20:17","date_gmt":"2018-11-02T11:20:17","guid":{"rendered":"https:\/\/stolpersteinecz.cz\/?page_id=4920"},"modified":"2018-11-02T11:31:16","modified_gmt":"2018-11-02T11:31:16","slug":"ceske-budejovice","status":"publish","type":"page","link":"https:\/\/stolpersteinecz.cz\/en\/ceske-budejovice\/","title":{"rendered":"\u010cesk\u00e9 Bud\u011bjovice"},"content":{"rendered":"<p>\t\t<div id=\"maps-marker-pro-c730fd39\" class=\"maps-marker-pro mmp-list-below\" style=\"width: 100%;\">\r\n\t\t\t<div id=\"mmp-map-wrap-c730fd39\" class=\"mmp-map-wrap\">\r\n\t\t\t\t\t\t\t\t\t<div id=\"mmp-panel-c730fd39\" class=\"mmp-panel\"><\/div>\r\n\t\t\t\t\t\t\t\t<div id=\"mmp-map-c730fd39\" class=\"mmp-map\" style=\"height: 480px;\"><\/div>\r\n\t\t\t\t\t\t\t<\/div>\r\n\t\t\t\t\t\t\t<div id=\"mmp-list-c730fd39\" class=\"mmp-list\" style=\"flex-basis: 400px;\"><\/div>\r\n\t\t\t\t\t<\/div>\n<p>&nbsp;<\/p>","protected":false},"excerpt":{"rendered":"<p>&nbsp;<\/p>\n","protected":false},"author":1,"featured_media":0,"parent":0,"menu_order":0,"comment_status":"closed","ping_status":"closed","template":"","meta":{"footnotes":""},"class_list":["post-4920","page","type-page","status-publish","hentry"],"_links":{"self":[{"href":"https:\/\/stolpersteinecz.cz\/en\/wp-json\/wp\/v2\/pages\/4920","targetHints":{"allow":["GET"]}}],"collection":[{"href":"https:\/\/stolpersteinecz.cz\/en\/wp-json\/wp\/v2\/pages"}],"about":[{"href":"https:\/\/stolpersteinecz.cz\/en\/wp-json\/wp\/v2\/types\/page"}],"author":[{"embeddable":true,"href":"https:\/\/stolpersteinecz.cz\/en\/wp-json\/wp\/v2\/users\/1"}],"replies":[{"embeddable":true,"href":"https:\/\/stolpersteinecz.cz\/en\/wp-json\/wp\/v2\/comments?post=4920"}],"version-history":[{"count":0,"href":"https:\/\/stolpersteinecz.cz\/en\/wp-json\/wp\/v2\/pages\/4920\/revisions"}],"wp:attachment":[{"href":"https:\/\/stolpersteinecz.cz\/en\/wp-json\/wp\/v2\/media?parent=4920"}],"curies":[{"name":"wp","href":"https:\/\/api.w.org\/{rel}","templated":true}]}}