{"id":6136,"date":"2018-12-05T09:05:56","date_gmt":"2018-12-05T09:05:56","guid":{"rendered":"https:\/\/stolpersteinecz.cz\/?page_id=6136"},"modified":"2025-08-30T07:32:16","modified_gmt":"2025-08-30T07:32:16","slug":"podporili-nas-2","status":"publish","type":"page","link":"https:\/\/stolpersteinecz.cz\/en\/podporili-nas-2\/","title":{"rendered":"Sponsors"},"content":{"rendered":"<p><img decoding=\"async\" class=\"alignleft size-full wp-image-6131\" src=\"https:\/\/stolpersteinecz.cz\/wp-content\/uploads\/2018\/11\/download.png\" alt=\"download\" width=\"270\" height=\"137\" \/><\/p>\n<p>&nbsp;<\/p>\n<p><a href=\"http:\/\/www.spolek.org\/en\/\" target=\"_blank\" rel=\"noopener\"><strong>Benefit Association for the Support of Individuals Affected by the Holocaust.<\/strong><\/a><\/p>\n<p>The association is founded for the purpose of publicly beneficial support in all aspects of and care for people affected by Holocaust with the aim to improve the quality of life of such persons especially in their elderly age, primarily supporting activities concentrating on securing care for such persons. The association is founded on voluntary basis and it is an independent non-political organization.<\/p>\n<p>&nbsp;<\/p>\n<p><em><img decoding=\"async\" class=\"wp-image-10696 alignleft\" src=\"https:\/\/stolpersteinecz.cz\/wp-content\/uploads\/2025\/08\/Logo-urad-vlady-2-scaled.jpg\" alt=\"\" width=\"272\" height=\"80\" srcset=\"https:\/\/stolpersteinecz.cz\/wp-content\/uploads\/2025\/08\/Logo-urad-vlady-2-scaled.jpg 2560w, https:\/\/stolpersteinecz.cz\/wp-content\/uploads\/2025\/08\/Logo-urad-vlady-2-300x88.jpg 300w, https:\/\/stolpersteinecz.cz\/wp-content\/uploads\/2025\/08\/Logo-urad-vlady-2-1024x301.jpg 1024w, https:\/\/stolpersteinecz.cz\/wp-content\/uploads\/2025\/08\/Logo-urad-vlady-2-768x226.jpg 768w, https:\/\/stolpersteinecz.cz\/wp-content\/uploads\/2025\/08\/Logo-urad-vlady-2-1536x452.jpg 1536w, https:\/\/stolpersteinecz.cz\/wp-content\/uploads\/2025\/08\/Logo-urad-vlady-2-2048x602.jpg 2048w\" sizes=\"(max-width: 272px) 100vw, 272px\" \/><br \/>\nThe Stolpersteine project is implemented with the financial support of the Office of the Government of the Czech Republic. The outputs of the project do not represent the opinion of the Office of the Government of the Czech Republic, and the Office of the Government of the Czech Republic is not responsible for the use of the information contained in these outputs.<br \/>\n<\/em><\/p>\n<p>&nbsp;<\/p>\n<p><img decoding=\"async\" class=\"size-thumbnail wp-image-6132 alignleft\" src=\"https:\/\/stolpersteinecz.cz\/wp-content\/uploads\/2018\/11\/downloadd-150x150.png\" alt=\"downloadd\" width=\"150\" height=\"150\" srcset=\"https:\/\/stolpersteinecz.cz\/wp-content\/uploads\/2018\/11\/downloadd-150x150.png 150w, https:\/\/stolpersteinecz.cz\/wp-content\/uploads\/2018\/11\/downloadd-300x300.png 300w, https:\/\/stolpersteinecz.cz\/wp-content\/uploads\/2018\/11\/downloadd-768x769.png 768w, https:\/\/stolpersteinecz.cz\/wp-content\/uploads\/2018\/11\/downloadd-100x100.png 100w, https:\/\/stolpersteinecz.cz\/wp-content\/uploads\/2018\/11\/downloadd-200x200.png 200w, https:\/\/stolpersteinecz.cz\/wp-content\/uploads\/2018\/11\/downloadd.png 944w\" sizes=\"(max-width: 150px) 100vw, 150px\" \/><\/p>\n<p>&nbsp;<\/p>\n<p><a href=\"https:\/\/www.kehilaprag.cz\/en\" target=\"_blank\" rel=\"noopener\"><strong>Jewish Community of Prague.<\/strong><\/a><\/p>\n<p>The Jewish Community of Prague (JCP) unites persons of Jewish \u00a0religion, nationality or lineage who have a permanent residence in the sphere of JCP\u00b4s\u00a0 territorial authority or are in other kind of relation to Prague and who are not members of any other religious denominations or \u00a0non-Jewish religious communities.\u00a0 The purpose and mission of JCP is to provide and ensure religious and cultural life of its members in the spirit of Czech Jewish traditions and help to secure their social and health needs.<\/p>\n<p><a href=\"https:\/\/www.fzo.cz\/en\/about-us\/organization\/\" target=\"_blank\" rel=\"noopener\"><img loading=\"lazy\" decoding=\"async\" class=\"alignleft\" src=\"http:\/\/www.kehilaprag.cz\/images\/62-fzo-logo-200-500x350.png\" alt=\"\" width=\"211\" height=\"211\" \/><\/a><\/p>\n<p><strong><a href=\"https:\/\/www.fzo.cz\/en\/about-us\/organization\/\" target=\"_blank\" rel=\"noopener\">The Federation of Jewish Communities<\/a><\/strong>\u00a0serves as an umbrella organization for Jewish Communities and other Jewish institutions in the country.\u00a0Currently,\u00a0there are ten official Jewish Communities in Bohemia and Moravia with approximately 3,000 registered members of which 1,400 reside in Prague. There is a number of various Jewish \u201csecular\u201d organizations which fall under the auspices of the Federation, e.g.. Beit Praha, the open Jewish congregation gathering mostly ex-patriot Americans and other foreigners residing in Prague, Union of Jewish Youth, member of the World Union of Jewish Students (WUJS), sporting clubs Maccabi and Hakoach, WIZO, the Women\u2019s Zionist Organization or the Terez\u00edn Initiative, gathering of Czech Holocaust survivors. Altogether these institutions associate approximately another 2,000 people,\u00a0however,\u00a0it is estimated that there are an additional 10 to 15,000 unregistered Jews in the country.<\/p>\n<p><a href=\"http:\/\/www.fondholocaust.cz\/en\/about-fhv\" target=\"_blank\" rel=\"noopener\"><img loading=\"lazy\" decoding=\"async\" class=\"size-full wp-image-6134 alignleft\" src=\"https:\/\/stolpersteinecz.cz\/wp-content\/uploads\/2018\/11\/NFOH_logo_CZE_RGB_pozitiv1-300x107.jpg\" alt=\"NFOH_logo_CZE_RGB_pozitiv1-300x107\" width=\"300\" height=\"107\" \/><\/a><br \/>\n<a href=\"http:\/\/www.fondholocaust.cz\/en\/about-fhv\" target=\"_blank\" rel=\"noopener\">Foundation\u00a0for Holocaust Victims.<\/a><br \/>\n. <strong>We care.<\/strong> We help elderly Holocaust survivors in their old age.<br \/>\n. <strong>We remember<\/strong>. We support educational and pious commemorative events remembering Holocaust victims.<br \/>\n. <strong>We think ahead<\/strong>. We help to preserve traditions \u2013 we support education about Judaism and the development of Jewish communities.<br \/>\n. <strong>We restore.<\/strong> We participate in the restoration of Jewish monuments destroyed by the Nazi and by Communist totalitarian regimes.<br \/>\n. <strong>We compensated.<\/strong> We helped to rectify and mitigate the property injustices caused during WWII.<\/p>\n<p>&nbsp;<\/p>\n<p><img loading=\"lazy\" decoding=\"async\" class=\"fr logo alignleft\" src=\"https:\/\/files.netorg.cz\/images\/162140\/detail_autolakovna_hemel_k.png\" alt=\"logo\" width=\"132\" height=\"132\" \/><\/p>\n<h2 class=\"detail\"><a href=\"http:\/\/www.dap.cz\/\" target=\"_blank\" rel=\"noopener\">DAP. a.s.<\/a><\/h2>\n<p>Prov\u00e1d\u00edme rekonstrukce a \u00fadr\u017ebu pozemn\u00edch komunikac\u00ed na \u00fazem\u00ed Prahy a okol\u00ed. Nab\u00edz\u00edme dla\u017edi\u010dsko-asfalt\u00e9rsk\u00e9 pr\u00e1ce, rekonstrukce chodn\u00edk\u016f, dla\u017eeb, p\u011b\u0161\u00edch z\u00f3n. V\u00fdstavbu a opravy chodn\u00edk\u016f, p\u011b\u0161\u00edch z\u00f3n, vozovek, pozemn\u00edch komunikac\u00ed. Asfalt\u00e9rsk\u00e9 pr\u00e1ce v\u010detn\u011b opravy v\u00fdtluk\u016f silnic a vozovek. Firma DAP a.s. je za\u0159azena do registru firem TSK hl. m. Prahy pro rekonstrukce a \u00fadr\u017ebu vozovek a chodn\u00edk\u016f.<br \/>\n<strong>Pom\u00e1h\u00e1me instalovat Stolpersteine.<\/strong><\/p>\n<p><img loading=\"lazy\" decoding=\"async\" class=\"size-medium wp-image-6228 alignleft\" src=\"https:\/\/stolpersteinecz.cz\/wp-content\/uploads\/2018\/12\/Dentons_Logo_Purple_RGB_300-300x58.jpg\" alt=\"Dentons_Logo_Purple_RGB_300\" width=\"300\" height=\"58\" srcset=\"https:\/\/stolpersteinecz.cz\/wp-content\/uploads\/2018\/12\/Dentons_Logo_Purple_RGB_300-300x58.jpg 300w, https:\/\/stolpersteinecz.cz\/wp-content\/uploads\/2018\/12\/Dentons_Logo_Purple_RGB_300.jpg 480w\" sizes=\"(max-width: 300px) 100vw, 300px\" \/><\/p>\n<p><a href=\"https:\/\/www.dentons.com\/en\/global-presence\/europe\" target=\"_blank\" rel=\"noopener\"><strong>Dentons <\/strong><\/a>is the world&#8217;s largest law firm, delivering quality and value to clients around the globe. Dentons&#8217; polycentric approach and world-class talent challenge the status quo to advance client interests in the communities in which we live and work. Its Prague office has around 70 lawyers including 16 partners. Dentons\u2019 Prague office provides the Association for the Support of Persons Affected by the Holocaust with pro bono assistance with organizing and legal aspects of installation of stolpersteins in the Czech Republic.<\/p>\n<p><strong><a href=\"https:\/\/www.praha2.cz\/\" target=\"_blank\" rel=\"noopener\"><img loading=\"lazy\" decoding=\"async\" class=\"size-medium wp-image-7153 alignleft\" src=\"https:\/\/stolpersteinecz.cz\/wp-content\/uploads\/2018\/12\/logo-Praha-2-300x84.jpg\" alt=\"logo Praha 2\" width=\"300\" height=\"84\" srcset=\"https:\/\/stolpersteinecz.cz\/wp-content\/uploads\/2018\/12\/logo-Praha-2-300x84.jpg 300w, https:\/\/stolpersteinecz.cz\/wp-content\/uploads\/2018\/12\/logo-Praha-2-768x215.jpg 768w, https:\/\/stolpersteinecz.cz\/wp-content\/uploads\/2018\/12\/logo-Praha-2-1024x286.jpg 1024w, https:\/\/stolpersteinecz.cz\/wp-content\/uploads\/2018\/12\/logo-Praha-2.jpg 1203w\" sizes=\"(max-width: 300px) 100vw, 300px\" \/><\/a><a href=\"https:\/\/www.praha2.cz\/\" target=\"_blank\" rel=\"noopener\">Portal of Prague 2<\/a> <\/strong>Nov\u00e9 M\u011bsto pra\u017esk\u00e9, Vy\u0161ehrad, Kr\u00e1lovsk\u00e9 Vinohrady, Nusle.<\/p>\n<p>&nbsp;<\/p>\n<p>&nbsp;<\/p>\n<p><img loading=\"lazy\" decoding=\"async\" class=\"wp-image-6273 alignleft\" src=\"https:\/\/stolpersteinecz.cz\/wp-content\/uploads\/2018\/12\/PRAHA.png\" alt=\"PRAHA\" width=\"189\" height=\"189\" srcset=\"https:\/\/stolpersteinecz.cz\/wp-content\/uploads\/2018\/12\/PRAHA.png 225w, https:\/\/stolpersteinecz.cz\/wp-content\/uploads\/2018\/12\/PRAHA-150x150.png 150w, https:\/\/stolpersteinecz.cz\/wp-content\/uploads\/2018\/12\/PRAHA-100x100.png 100w, https:\/\/stolpersteinecz.cz\/wp-content\/uploads\/2018\/12\/PRAHA-200x200.png 200w\" sizes=\"(max-width: 189px) 100vw, 189px\" \/><\/p>\n<p><a href=\"http:\/\/www.praha.eu\/jnp\/en\/index.html\" target=\"_blank\" rel=\"noopener\">All about Prague<\/a><\/p>\n<p>Prague is the capital city of the Czech Republic and the centre of politics, international relations, education, culture and the economy of the country. It is the seat of the supreme legislative, administrative and political bodies of the state.<\/p>\n<p>&nbsp;<\/p>\n<p>&nbsp;<\/p>\n<p>&nbsp;<\/p>\n<p>&nbsp;<\/p>\n<p>&nbsp;<\/p>\n<p><img loading=\"lazy\" decoding=\"async\" class=\"size-medium wp-image-7952 alignleft\" src=\"https:\/\/stolpersteinecz.cz\/wp-content\/uploads\/2018\/12\/Trevor-Sage-208x300.jpg\" alt=\"Trevor Sage\" width=\"208\" height=\"300\" srcset=\"https:\/\/stolpersteinecz.cz\/wp-content\/uploads\/2018\/12\/Trevor-Sage-208x300.jpg 208w, https:\/\/stolpersteinecz.cz\/wp-content\/uploads\/2018\/12\/Trevor-Sage-768x1107.jpg 768w, https:\/\/stolpersteinecz.cz\/wp-content\/uploads\/2018\/12\/Trevor-Sage-711x1024.jpg 711w, https:\/\/stolpersteinecz.cz\/wp-content\/uploads\/2018\/12\/Trevor-Sage.jpg 789w\" sizes=\"(max-width: 208px) 100vw, 208px\" \/>Trevor Sage is a British expat living in Prague. He started cleaning the cities Stolpersteine, memorials dedicated to victims of Nazism, in 2018, after learning about them on a tour of Prague\u2019s Jewish Quarter. Prague\u2019s first Stolperstein was installed on 8 October 2008. The city\u2019s 400th was laid on 22 June 2021.<br \/>\nSage compiled this book as a tribute to the victims. It brings together: photographs of the Stolpersteine; portrait pictures of the person, and information about their deportation(s); touching stories about victims\u2019 lives are included, many written by relatives who have kindly contributed to this book.<\/p>","protected":false},"excerpt":{"rendered":"<p>&nbsp; Benefit Association for the Support of Individuals Affected by the Holocaust. The association is founded for the purpose of publicly beneficial support in all aspects of and care for people affected by Holocaust with the aim to improve the quality of life of such persons especially in their elderly age, primarily supporting activities concentrating [&hellip;]<\/p>\n","protected":false},"author":1,"featured_media":0,"parent":0,"menu_order":0,"comment_status":"closed","ping_status":"closed","template":"","meta":{"footnotes":""},"class_list":["post-6136","page","type-page","status-publish","hentry"],"_links":{"self":[{"href":"https:\/\/stolpersteinecz.cz\/en\/wp-json\/wp\/v2\/pages\/6136","targetHints":{"allow":["GET"]}}],"collection":[{"href":"https:\/\/stolpersteinecz.cz\/en\/wp-json\/wp\/v2\/pages"}],"about":[{"href":"https:\/\/stolpersteinecz.cz\/en\/wp-json\/wp\/v2\/types\/page"}],"author":[{"embeddable":true,"href":"https:\/\/stolpersteinecz.cz\/en\/wp-json\/wp\/v2\/users\/1"}],"replies":[{"embeddable":true,"href":"https:\/\/stolpersteinecz.cz\/en\/wp-json\/wp\/v2\/comments?post=6136"}],"version-history":[{"count":4,"href":"https:\/\/stolpersteinecz.cz\/en\/wp-json\/wp\/v2\/pages\/6136\/revisions"}],"predecessor-version":[{"id":10698,"href":"https:\/\/stolpersteinecz.cz\/en\/wp-json\/wp\/v2\/pages\/6136\/revisions\/10698"}],"wp:attachment":[{"href":"https:\/\/stolpersteinecz.cz\/en\/wp-json\/wp\/v2\/media?parent=6136"}],"curies":[{"name":"wp","href":"https:\/\/api.w.org\/{rel}","templated":true}]}}